{"id":61626,"date":"2024-08-08T13:23:30","date_gmt":"2024-08-08T12:23:30","guid":{"rendered":"https:\/\/www.gbpsulmierzyce.pl\/?page_id=61626"},"modified":"2024-08-08T13:28:33","modified_gmt":"2024-08-08T12:28:33","slug":"standardy-ochrony-maloletnich","status":"publish","type":"page","link":"https:\/\/www.gbpsulmierzyce.pl\/?page_id=61626","title":{"rendered":"Standardy Ochrony Ma\u0142oletnich"},"content":{"rendered":"<p><strong>\u00a0<\/strong><\/p>\n<p><strong>Standardy Ochrony Ma\u0142oletnich \u2013 wersja skr\u00f3cona dla ma\u0142oletnich<\/strong><\/p>\n<p>1.Osoby, kt\u00f3re kontaktuj\u0105 si\u0119 z Tob\u0105 w Bibliotece, powinny zachowywa\u0107 si\u0119 grzecznie i z poszanowaniem Twoich potrzeb.<\/p>\n<ol start=\"2\">\n<li>Nikomu nie wolno Ci\u0119 krzywdzi\u0107, w jakikolwiek spos\u00f3b.<\/li>\n<li>Masz prawo by\u0107 traktowane tak samo jak wszystkie inne dzieci. Pracownicy nie powinni nikogo faworyzowa\u0107.<\/li>\n<li>Masz prawo do zadawania pyta\u0144 pracownikom Biblioteki i otrzymywania na nie wyczerpuj\u0105cych odpowiedzi.<\/li>\n<li>Pracownikom nie wolno na Ciebie krzycze\u0107 ani stosowa\u0107 wobec Ciebie przemocy.<\/li>\n<li>Masz prawo do informacji i prawo do prywatno\u015bci. Pracownikom Biblioteki nie wolno przekazywa\u0107 informacji o Tobie innym doros\u0142ym ani dzieciom, z wyj\u0105tkiem Twoich rodzic\u00f3w lub opiekun\u00f3w.<\/li>\n<li>Pracownikom nie wolno bez zgody Twojej i Twoich rodzic\u00f3w lub opiekun\u00f3w robi\u0107 Ci zdj\u0119\u0107, nagrywa\u0107 film\u00f3w.<\/li>\n<li>Pracownikom nie wolno nawi\u0105zywa\u0107 z Tob\u0105 jakichkolwiek relacji romantycznych.<\/li>\n<li>Pracownikom nie wolno proponowa\u0107 Ci alkoholu, papieros\u00f3w ani nielegalnych substancji ani u\u017cywa\u0107 ich w Twojej obecno\u015bci.<\/li>\n<li>Pracownikom wolno Ci\u0119 dotyka\u0107 tylko za Twoj\u0105 zgod\u0105 lub w sytuacji zagro\u017cenia zdrowia lub \u017cycia.<\/li>\n<li>Pracownikom nie wolno Ci\u0119 bi\u0107, szturcha\u0107, popycha\u0107 ani dotyka\u0107 Ci\u0119 w jakikolwiek inny spos\u00f3b, kt\u00f3rego nie chcesz.<\/li>\n<li>Pracownicy mog\u0105 si\u0119 z Tob\u0105 kontaktowa\u0107 wy\u0142\u0105cznie w czasie pracy i w zwi\u0105zku z ich prac\u0105.<\/li>\n<li>Pracownikom nie wolno zaprasza\u0107 Ci\u0119 do ich miejsca zamieszkania, spotyka\u0107 si\u0119 z Tob\u0105 poza Bibliotek\u0105 ani kontaktowa\u0107 si\u0119 z Tob\u0105 w mediach spo\u0142eczno\u015bciowych lub przez prywatny telefon.<\/li>\n<li>Pracownikom nie wolno zachowywa\u0107 si\u0119 w Twojej obecno\u015bci niew\u0142a\u015bciwie, u\u017cywa\u0107 wulgarnych s\u0142\u00f3w, gest\u00f3w lub \u017cart\u00f3w, obra\u017ca\u0107 kogokolwiek, nawi\u0105zywa\u0107 w wypowiedziach do Twojej atrakcyjno\u015bci.<\/li>\n<li>Pami\u0119taj! Zawsze kiedy czujesz si\u0119 niekomfortowo w jakiej\u015b sytuacji, kto\u015b robi Ci krzywd\u0119 lub zachowuje nieodpowiednio, mo\u017cesz powiedzie\u0107 o tym innemu pracownikowi Biblioteki, kt\u00f3ry Ci\u0119 wys\u0142ucha i pomo\u017ce.<\/li>\n<\/ol>\n<p><strong>Je\u015bli znacie kogo\u015b, kto potrzebuje pomocy lub sami znajdujecie si\u0119 w trudnej sytuacji mo\u017cecie zwr\u00f3ci\u0107 si\u0119 o pomoc do rodzic\u00f3w, kierownika biblioteki lub innego doros\u0142ego dost\u0119pnego na terenie plac\u00f3wki.<\/strong><\/p>\n<p><strong>Mo\u017cecie te\u017c skontaktowa\u0107 si\u0119 z policj\u0105\u00a0 (numer 112) lub instytucjami nios\u0105cymi pomoc dzieciom, takimi jak:<\/strong><\/p>\n<p><strong>Telefon Zaufania dla Dzieci i M\u0142odzie\u017cy 116 111<\/strong><\/p>\n<p><strong>Dzieci\u0119cy telefon zaufania, prowadzony przez Rzecznika Praw Dziecka 800 121 212<\/strong><\/p>\n<p><strong>Og\u00f3lnopolski telefon dla ofiar przemocy w rodzinie &#8222;Niebieska Linia&#8221; 800 120 002<\/strong><\/p>\n<p><a href=\"http:\/\/www.gbpsulmierzyce.pl\/wp-content\/uploads\/2024\/08\/STANDARDY-OCHRONY-MALOLETNICH-W-GBP.pdf\" rel=\"noopener\" target=\"_blank\">Wersja pe\u0142na do pobrania<\/a><\/p>\n<p><strong>\u00a0<\/strong><\/p>\n<p>&nbsp;<\/p>\n<p>&nbsp;<\/p>\n<p>&nbsp;<\/p>\n","protected":false},"excerpt":{"rendered":"<p>\u00a0 Standardy Ochrony Ma\u0142oletnich \u2013 wersja skr\u00f3cona dla ma\u0142oletnich 1.Osoby, kt\u00f3re kontaktuj\u0105 si\u0119 z Tob\u0105 w Bibliotece, powinny zachowywa\u0107 si\u0119&#8230; <a href=\"https:\/\/www.gbpsulmierzyce.pl\/?page_id=61626\">Czytaj dalej &raquo;<\/a><\/p>\n","protected":false},"author":1,"featured_media":0,"parent":0,"menu_order":0,"comment_status":"closed","ping_status":"closed","template":"","meta":{"footnotes":""},"class_list":["post-61626","page","type-page","status-publish","hentry"],"_links":{"self":[{"href":"https:\/\/www.gbpsulmierzyce.pl\/index.php?rest_route=\/wp\/v2\/pages\/61626","targetHints":{"allow":["GET"]}}],"collection":[{"href":"https:\/\/www.gbpsulmierzyce.pl\/index.php?rest_route=\/wp\/v2\/pages"}],"about":[{"href":"https:\/\/www.gbpsulmierzyce.pl\/index.php?rest_route=\/wp\/v2\/types\/page"}],"author":[{"embeddable":true,"href":"https:\/\/www.gbpsulmierzyce.pl\/index.php?rest_route=\/wp\/v2\/users\/1"}],"replies":[{"embeddable":true,"href":"https:\/\/www.gbpsulmierzyce.pl\/index.php?rest_route=%2Fwp%2Fv2%2Fcomments&post=61626"}],"version-history":[{"count":4,"href":"https:\/\/www.gbpsulmierzyce.pl\/index.php?rest_route=\/wp\/v2\/pages\/61626\/revisions"}],"predecessor-version":[{"id":61632,"href":"https:\/\/www.gbpsulmierzyce.pl\/index.php?rest_route=\/wp\/v2\/pages\/61626\/revisions\/61632"}],"wp:attachment":[{"href":"https:\/\/www.gbpsulmierzyce.pl\/index.php?rest_route=%2Fwp%2Fv2%2Fmedia&parent=61626"}],"curies":[{"name":"wp","href":"https:\/\/api.w.org\/{rel}","templated":true}]}}