{"id":41570,"date":"2023-10-01T14:52:12","date_gmt":"2023-10-01T13:52:12","guid":{"rendered":"http:\/\/www.gbpsulmierzyce.pl\/?page_id=41570"},"modified":"2025-10-23T14:19:20","modified_gmt":"2025-10-23T13:19:20","slug":"zajecia-cykliczne","status":"publish","type":"page","link":"https:\/\/www.gbpsulmierzyce.pl\/?page_id=41570","title":{"rendered":"Zaj\u0119cia cykliczne"},"content":{"rendered":"<p><strong>OFERTA ZAJ\u0118\u0106 STA\u0141YCH W BIBLIOTECE<\/strong><\/p>\n<p><strong>Rok 2025\/2026<\/strong><\/p>\n<p><strong><u>\u00a0<\/u><\/strong><!--more--><\/p>\n<p><a href=\"http:\/\/www.gbpsulmierzyce.pl\/wp-content\/uploads\/2025\/10\/Zajecia-stale-2025-2026-1.jpg\"><img loading=\"lazy\" decoding=\"async\" class=\"alignnone size-medium wp-image-68384\" src=\"http:\/\/www.gbpsulmierzyce.pl\/wp-content\/uploads\/2025\/10\/Zajecia-stale-2025-2026-1-214x300.jpg\" alt=\"\" width=\"214\" height=\"300\" srcset=\"https:\/\/www.gbpsulmierzyce.pl\/wp-content\/uploads\/2025\/10\/Zajecia-stale-2025-2026-1-214x300.jpg 214w, https:\/\/www.gbpsulmierzyce.pl\/wp-content\/uploads\/2025\/10\/Zajecia-stale-2025-2026-1-731x1024.jpg 731w, https:\/\/www.gbpsulmierzyce.pl\/wp-content\/uploads\/2025\/10\/Zajecia-stale-2025-2026-1-768x1076.jpg 768w, https:\/\/www.gbpsulmierzyce.pl\/wp-content\/uploads\/2025\/10\/Zajecia-stale-2025-2026-1-1097x1536.jpg 1097w, https:\/\/www.gbpsulmierzyce.pl\/wp-content\/uploads\/2025\/10\/Zajecia-stale-2025-2026-1.jpg 1428w\" sizes=\"auto, (max-width: 214px) 100vw, 214px\" \/><\/a><\/p>\n","protected":false},"excerpt":{"rendered":"<p>OFERTA ZAJ\u0118\u0106 STA\u0141YCH W BIBLIOTECE Rok 2025\/2026 \u00a0<\/p>\n","protected":false},"author":1,"featured_media":0,"parent":2,"menu_order":0,"comment_status":"closed","ping_status":"closed","template":"","meta":{"footnotes":""},"class_list":["post-41570","page","type-page","status-publish","hentry"],"_links":{"self":[{"href":"https:\/\/www.gbpsulmierzyce.pl\/index.php?rest_route=\/wp\/v2\/pages\/41570","targetHints":{"allow":["GET"]}}],"collection":[{"href":"https:\/\/www.gbpsulmierzyce.pl\/index.php?rest_route=\/wp\/v2\/pages"}],"about":[{"href":"https:\/\/www.gbpsulmierzyce.pl\/index.php?rest_route=\/wp\/v2\/types\/page"}],"author":[{"embeddable":true,"href":"https:\/\/www.gbpsulmierzyce.pl\/index.php?rest_route=\/wp\/v2\/users\/1"}],"replies":[{"embeddable":true,"href":"https:\/\/www.gbpsulmierzyce.pl\/index.php?rest_route=%2Fwp%2Fv2%2Fcomments&post=41570"}],"version-history":[{"count":15,"href":"https:\/\/www.gbpsulmierzyce.pl\/index.php?rest_route=\/wp\/v2\/pages\/41570\/revisions"}],"predecessor-version":[{"id":68385,"href":"https:\/\/www.gbpsulmierzyce.pl\/index.php?rest_route=\/wp\/v2\/pages\/41570\/revisions\/68385"}],"up":[{"embeddable":true,"href":"https:\/\/www.gbpsulmierzyce.pl\/index.php?rest_route=\/wp\/v2\/pages\/2"}],"wp:attachment":[{"href":"https:\/\/www.gbpsulmierzyce.pl\/index.php?rest_route=%2Fwp%2Fv2%2Fmedia&parent=41570"}],"curies":[{"name":"wp","href":"https:\/\/api.w.org\/{rel}","templated":true}]}}