{"id":41469,"date":"2020-09-30T20:29:22","date_gmt":"2020-09-30T19:29:22","guid":{"rendered":"http:\/\/www.gbpsulmierzyce.pl\/?page_id=41469"},"modified":"2025-04-01T17:25:11","modified_gmt":"2025-04-01T16:25:11","slug":"deklaracja-dostepnosci","status":"publish","type":"page","link":"https:\/\/www.gbpsulmierzyce.pl\/?page_id=41469","title":{"rendered":"Deklaracja dost\u0119pno\u015bci"},"content":{"rendered":"<div class=\"aktualnosci-tresc\">\n<h2>Wst\u0119p<\/h2>\n<p id=\"a11y-wstep\"><span id=\"a11y-podmiot\">Gminna Biblioteka Publiczna im. Filipa Sulimierskiego w Sulmierzycach<\/span> zobowi\u0105zuje si\u0119 zapewni\u0107 dost\u0119pno\u015b\u0107 swojej strony internetowej zgodnie z przepisami ustawy z dnia 4 kwietnia 2019 r. o dost\u0119pno\u015bci cyfrowej stron internetowych i aplikacji mobilnych podmiot\u00f3w publicznych. O\u015bwiadczenie w sprawie dost\u0119pno\u015bci ma zastosowanie do strony internetowej www.gbpsulmierzyce.pl.<\/p>\n<p>Data publikacji strony internetowej: <span id=\"a11y-data-publikacja\">2018-09-23<\/span>.<br \/>\nData ostatniej istotnej aktualizacji: <span id=\"a11y-data-aktualizacja\">2024-03-22.<\/span><\/p>\n<p id=\"a11y-status\">Strona internetowa jest cz\u0119\u015bciowo zgodna z ustaw\u0105 z dnia 4 kwietnia 2019 r. o dost\u0119pno\u015bci cyfrowej stron internetowych i aplikacji&nbsp;mobilnych podmiot\u00f3w publicznych&nbsp;z powodu&nbsp;niezgodno\u015bci&nbsp;lub wy\u0142\u0105cze\u0144&nbsp;wymienionych poni\u017cej.<\/p>\n<p>Niezgodno\u015bci<\/p>\n<ul>\n<li>Niekt\u00f3re elementy&nbsp;serwisu&nbsp;posiadaj\u0105&nbsp;zbyt niski kontrast.<\/li>\n<li>Niekt\u00f3re linki s\u0105 wyr\u00f3\u017cnione wy\u0142\u0105cznie kolorem. Brak dodatkowego zaznaczenia pozwalaj\u0105cego na ich rozpoznawanie przez&nbsp;osoby nie rozr\u00f3\u017cniaj\u0105ce kolor\u00f3w.<\/li>\n<li>Gdy fokus, czyli punkt skupienia u\u017cytkownika,&nbsp;znajduje si\u0119 w&nbsp;rozwini\u0119tym menu g\u0142\u00f3wnym,&nbsp;nawigacj\u0119&nbsp;klawiatur\u0105&nbsp;zak\u0142\u00f3caj\u0105 elementy, kt\u00f3re nie powinny uczestniczy\u0107 w tej sekwencji.<\/li>\n<li>Formularze&nbsp;nie s\u0105&nbsp;poprzedzone informacj\u0105 o b\u0142\u0119dach wykrytych podczas walidacji, czyli sprawdzania&nbsp;poprawno\u015bci wprowadzanych&nbsp;w&nbsp;nich danych.<\/li>\n<li>Filmy zamieszczone&nbsp;w serwisie nie posiadaj\u0105 napis\u00f3w,&nbsp;audiodeskrypcji&nbsp;ani tre\u015bci alternatywnych&nbsp;przeznaczonych dla os\u00f3b z niepe\u0142nosprawno\u015bciami wzroku i s\u0142uchu.<\/li>\n<p><!-- \t\n\n<li>Cz\u0119\u015b\u0107 fotografii oraz galerii zamieszczonych&nbsp;w serwisie nie posiada opis\u00f3w alternatywnych, czyli technik udost\u0119pniaj\u0105cych u\u017cytkownikom program\u00f3w odczytu ekranu informacje o nietekstowych elementach strony internetowej.<\/li>\n\n--><\/p>\n<li>Wi\u0119kszo\u015b\u0107 plik\u00f3w dokument\u00f3w&nbsp;udost\u0119pnionych w serwisie&nbsp;jest&nbsp;dost\u0119pna dla&nbsp;program\u00f3w odczytu ekranu. Natomiast cz\u0119\u015b\u0107 udost\u0119pnianej tre\u015bci nie zosta\u0142a przygotowana z uwzgl\u0119dnieniem zasad dost\u0119pno\u015bci dla os\u00f3b z niepe\u0142nosprawno\u015bciami.&nbsp;Cz\u0119\u015b\u0107 dokument\u00f3w nie zawiera nag\u0142\u00f3wk\u00f3w, alternatywnych opis\u00f3w obraz\u00f3w i innych element\u00f3w w strukturze informatycznej,&nbsp;zwi\u0119kszaj\u0105cych dost\u0119pno\u015b\u0107&nbsp;serwisu&nbsp;dla u\u017cytkownik\u00f3w program\u00f3w&nbsp;odczytu ekranu.<\/li>\n<li>Cz\u0119\u015b\u0107 tekst\u00f3w zamieszczonych na stronie mo\u017ce by\u0107 niezgodna ze standardem ETR<\/li>\n<\/ul>\n<p>Wy\u0142\u0105czenia<\/p>\n<ul>\n<li>Dokumenty opublikowane przed&nbsp;23 wrze\u015bnia 2018 roku&nbsp;zosta\u0142y wy\u0142\u0105czone z obowi\u0105zku zapewnienia&nbsp;dost\u0119pno\u015bci.<\/li>\n<li>Multimedia opublikowane przed 25 wrze\u015bnia 2020 roku zosta\u0142y wy\u0142\u0105czone z obowi\u0105zku zapewnienia dost\u0119pno\u015bci.<\/li>\n<li>Mapy zosta\u0142y wy\u0142\u0105czone z obowi\u0105zku zapewnienia dost\u0119pno\u015bci.<\/li>\n<li>Tre\u015bci archiwalne nie wykorzystywane do bie\u017c\u0105cych zada\u0144 Gminnej Biblioteki Publicznej im. Filipa Sulimierskiego w Sulmierzycach opublikowane przed 23 wrze\u015bnia 2019 roku i nie poddawane od tego czasu przebudowom i zmianom zosta\u0142y wy\u0142\u0105czone z obowi\u0105zku zapewnienia dost\u0119pno\u015bci.<\/li>\n<\/ul>\n<p>Opisane niezgodno\u015bci zosta\u0142y zidentyfikowane w wyniku wewn\u0119trznego audytu dost\u0119pno\u015bci strony internetowej. Wprowadzamy zmiany s\u0142u\u017c\u0105ce rozwi\u0105zywaniu kolejnych problem\u00f3w, kt\u00f3re szczeg\u00f3\u0142owo wskazujemy w deklaracji dost\u0119pno\u015bci. Prowadzimy r\u00f3wnie\u017c dzia\u0142ania na rzecz doskonalenia ca\u0142ego procesu przygotowania i publikowania dost\u0119pnych tre\u015bci oraz dokument\u00f3w. Poprawienie dost\u0119pno\u015bci strony nios\u0142oby za sob\u0105 nadmierne obci\u0105\u017cenia dla podmiotu publicznego.<\/p>\n<h3>Kompatybilno\u015b\u0107<\/h3>\n<p>Serwis jest rozpoznawalny przez programy czytaj\u0105ce dla os\u00f3b niewidomych takich jak np. NVDA. Obs\u0142uga serwisu b\u0119dzie mo\u017cliwa zar\u00f3wno przy pomocy samej klawiatury jak i myszki.<\/p>\n<h3>Skr\u00f3ty klawiaturowe<\/h3>\n<p>Na stronie internetowej mo\u017cna korzysta\u0107 ze standardowych skr\u00f3t\u00f3w klawiaturowych.<\/p>\n<h3>Przygotowanie deklaracji w sprawie dost\u0119pno\u015bci<\/h3>\n<p>O\u015bwiadczenie napisano dnia <span id=\"a11y-data-sporzadzenie\">2020-09-25<\/span> r. Deklaracj\u0119 sporz\u0105dzono na podstawie samooceny przeprowadzonej przez <span id=\"a11y-podmiot\">Gminna Biblioteka Publiczna im. Filipa Sulimierskiego w Sulmierzycach<\/span><\/p>\n<h2 id=\"a11y-kontakt\">Informacje zwrotne i&nbsp;dane kontaktowe<\/h2>\n<p>W przypadku problem\u00f3w z&nbsp;dost\u0119pno\u015bci\u0105 strony internetowej prosimy o&nbsp;kontakt. Osob\u0105 kontaktow\u0105 jest Paulina Hachurska, <a id=\"a11y-email\" href=\"mailto:biblioteka@gbpsulmierzyce.pl\">biblioteka@gbpsulmierzyce.pl<\/a>. Kontaktowa\u0107 mo\u017cna si\u0119 tak\u017ce dzwoni\u0105c na numer telefonu <span id=\"a11y-telefon\">(44) 737 92 15<\/span>. T\u0105 sam\u0105 drog\u0105 mo\u017cna sk\u0142ada\u0107 wnioski o&nbsp;udost\u0119pnienie informacji niedost\u0119pnej oraz sk\u0142ada\u0107 \u017c\u0105dania zapewnienia dost\u0119pno\u015bci.<\/p>\n<h3>Informacje na temat procedury<\/h3>\n<p id=\"a11y-procedura\">Ka\u017cdy ma prawo do wyst\u0105pienia z&nbsp;\u017c\u0105daniem zapewnienia dost\u0119pno\u015bci cyfrowej strony internetowej, aplikacji mobilnej lub jakiego\u015b ich elementu. Mo\u017cna tak\u017ce za\u017c\u0105da\u0107 udost\u0119pnienia informacji za pomoc\u0105 alternatywnego sposobu dost\u0119pu, na przyk\u0142ad przez odczytanie niedost\u0119pnego cyfrowo dokumentu, opisanie zawarto\u015bci filmu bez audiodeskrypcji itp. \u017b\u0105danie powinno zawiera\u0107 dane osoby zg\u0142aszaj\u0105cej \u017c\u0105danie, wskazanie, o&nbsp;kt\u00f3r\u0105 stron\u0119 internetow\u0105 lub aplikacj\u0119 mobiln\u0105 chodzi oraz spos\u00f3b kontaktu. Je\u017celi osoba \u017c\u0105daj\u0105ca zg\u0142asza potrzeb\u0119 otrzymania informacji za pomoc\u0105 alternatywnego sposobu dost\u0119pu, powinna tak\u017ce okre\u015bli\u0107 dogodny dla niej spos\u00f3b przedstawienia tej informacji. Podmiot publiczny powinien zrealizowa\u0107 \u017c\u0105danie niezw\u0142ocznie, nie p\u00f3\u017aniej ni\u017c w&nbsp;ci\u0105gu 7 dni od dnia wyst\u0105pienia z&nbsp;\u017c\u0105daniem. Je\u017celi dotrzymanie tego terminu nie jest mo\u017cliwe, podmiot publiczny niezw\u0142ocznie informuje o&nbsp;tym wnosz\u0105cego \u017c\u0105danie, kiedy realizacja \u017c\u0105dania b\u0119dzie mo\u017cliwa, przy czym termin ten nie mo\u017ce by\u0107 d\u0142u\u017cszy ni\u017c 2 miesi\u0105ce od dnia wyst\u0105pienia z&nbsp;\u017c\u0105daniem. Je\u017celi zapewnienie dost\u0119pno\u015bci cyfrowej nie jest mo\u017cliwe, podmiot publiczny mo\u017ce zaproponowa\u0107 alternatywny spos\u00f3b dost\u0119pu do informacji. W&nbsp;przypadku, gdy podmiot publiczny odm\u00f3wi realizacji \u017c\u0105dania zapewnienia dost\u0119pno\u015bci lub alternatywnego sposobu dost\u0119pu do informacji, wnosz\u0105cy \u017c\u0105danie mo\u017cne z\u0142o\u017cy\u0107 skarg\u0119 w&nbsp;sprawie zapewniana dost\u0119pno\u015bci cyfrowej strony internetowej, aplikacji mobilnej lub elementu strony internetowej, lub aplikacji mobilnej. Po wyczerpaniu wskazanej wy\u017cej procedury mo\u017cna tak\u017ce z\u0142o\u017cy\u0107 wniosek do <a title=\"Odno\u015bnik do nowej strony rpo.gov.pl\" href=\"https:\/\/www.rpo.gov.pl\/\" target=\"_blank\" rel=\"external nofollow noopener noreferrer\">Rzecznika Praw Obywatelskich<\/a>.<\/p>\n<h2 id=\"a11y-architektura\">Dost\u0119pno\u015b\u0107 architektoniczna<\/h2>\n<p>Budynek Gminnej Biblioteki Publicznej w Sulmierzycach znajduje si\u0119 na ulicy S\u0142onecznej 5 w miejscowo\u015bci Sulmierzyce, powiat paj\u0119cza\u0144ski, wojew\u00f3dztwo \u0142\u00f3dzkie.<br \/>\nBudynek sk\u0142ada si\u0119 z trzech kondygnacji. Wszystkie pomieszczenia biblioteki zajmuj\u0105 parter tego budynku.<br \/>\nBudynek posiada toalet\u0119 przystosowan\u0105 dla os\u00f3b niepe\u0142nosprawnych ruchowo tylko na parterze.<br \/>\nWej\u015bcie g\u0142\u00f3wne do budynku dostosowane dla os\u00f3b niepe\u0142nosprawnych poruszaj\u0105cych si\u0119 na w\u00f3zkach inwalidzkich. Przy drzwiach wej\u015bciowych znajduje si\u0119 dzwonek, w razie potrzeby przywo\u0142uj\u0105cy pracownika.<br \/>\nPrzy budynku biblioteki znajduje si\u0119 parking dla czytelnik\u00f3w wraz z jednym wydzielonym miejscem dla os\u00f3b niepe\u0142nosprawnych.<br \/>\nKorytarze i hole spe\u0142niaj\u0105 wymogi techniczne, umo\u017cliwiaj\u0105 komunikacj\u0119 i swobodne poruszanie si\u0119 os\u00f3b niepe\u0142nosprawnych na w\u00f3zkach inwalidzkich<br \/>\nUsytuowanie rega\u0142\u00f3w w bibliotece pozwala na swobodny dost\u0119p i komunikacj\u0119 os\u00f3b na w\u00f3zkach inwalidzkich. W przypadku korzystania z pozycji ksi\u0119gozbioru znajduj\u0105cych si\u0119 na wy\u017cej po\u0142o\u017conych p\u00f3\u0142kach obecny bibliotekarz udziela pomocy.<br \/>\nBudynek nie posiada windy umo\u017cliwiaj\u0105cej dost\u0119p do pi\u0119tra budynku.<br \/>\nNie ma mo\u017cliwo\u015bci skorzystania z t\u0142umacza j\u0119zyka migowego na miejscu ani on-line.<br \/>\nPomieszczenia biblioteki nie s\u0105 wyposa\u017cone w pochylnie, platformy, informacje g\u0142osowe lub p\u0119tle indukcyjne.<br \/>\nW budynku nie ma oznacze\u0144 w alfabecie Braille\u2019a ani oznacze\u0144 kontrastowych lub w druku powi\u0119kszonym dla os\u00f3b niewidomych i s\u0142abowidz\u0105cych;<br \/>\nDo biblioteki mo\u017cna wej\u015b\u0107 z psem przewodnikiem lub asystuj\u0105cym.<\/p>\n<h2 id=\"a11y-architektura\">Pliki do pobrania:<\/h2>\n<ul>\n<li><a href=\"http:\/\/gbpsulmierzyce.biuletyn.net\/fls\/bip_pliki\/2012_05\/BIPF4C11890F5449AZ\/wniosek_o_udostepnienie_informacji_publicznej.pdf\" target=\"_blank\" rel=\"noopener\">Wniosek o udost\u0119pnienie informacji publicznej.<\/a><\/li>\n<li><a href=\"https:\/\/zlobeksulmierzyce.biuletyn.net\/fls\/bip_pliki\/2025_03\/BIPF631A13D7264D5Z\/Raport_o_stanie_dostepnosci_podmiotu_publicznego_2025.pdf\" target=\"_blank\" rel=\"noopener\">Raport o stanie zapewniania dost\u0119pno\u015bci podmiotu publicznego Stan w dniu 01.01.2025 r.<\/a><\/li>\n<li><a href=\"https:\/\/gbpsulmierzyce.biuletyn.net\/fls\/bip_pliki\/2025_04\/BIPF631B8A9EB0829Z\/Plan_dzialania_na_rzecz_poprawy_zapewnienia_dostepnosci_osobom_ze_szczegolnymi_potrzebami_na_lata_2025_2026.pdf\" target=\"_blank\">Plan dzia\u0142ania na rzecz poprawy zapewnienia dost\u0119pno\u015bci osobom ze szczeg\u00f3lnymi potrzebami na lata 2025-2026 &#8211; Gminna Biblioteka Publiczna im. Filipa Sulimierskiego w Sulmierzycach.<\/a><\/li>\n<li><a href=\"http:\/\/gbpsulmierzyce.biuletyn.net\/fls\/bip_pliki\/2021_02\/BIPF5BC077C293719Z\/Zarzadzenie_koordynator_dostepnosci.pdf\" target=\"_blank\" rel=\"noopener\">Zarz\u0105dzenie koordynator dost\u0119pno\u015bci.<\/a><\/li>\n<\/ul>\n<\/div>\n","protected":false},"excerpt":{"rendered":"<p>Wst\u0119p Gminna Biblioteka Publiczna im. Filipa Sulimierskiego w Sulmierzycach zobowi\u0105zuje si\u0119 zapewni\u0107 dost\u0119pno\u015b\u0107 swojej strony internetowej zgodnie z przepisami ustawy&#8230; <a href=\"https:\/\/www.gbpsulmierzyce.pl\/?page_id=41469\">Czytaj dalej &raquo;<\/a><\/p>\n","protected":false},"author":1,"featured_media":0,"parent":0,"menu_order":0,"comment_status":"closed","ping_status":"closed","template":"","meta":{"footnotes":""},"class_list":["post-41469","page","type-page","status-publish","hentry"],"_links":{"self":[{"href":"https:\/\/www.gbpsulmierzyce.pl\/index.php?rest_route=\/wp\/v2\/pages\/41469","targetHints":{"allow":["GET"]}}],"collection":[{"href":"https:\/\/www.gbpsulmierzyce.pl\/index.php?rest_route=\/wp\/v2\/pages"}],"about":[{"href":"https:\/\/www.gbpsulmierzyce.pl\/index.php?rest_route=\/wp\/v2\/types\/page"}],"author":[{"embeddable":true,"href":"https:\/\/www.gbpsulmierzyce.pl\/index.php?rest_route=\/wp\/v2\/users\/1"}],"replies":[{"embeddable":true,"href":"https:\/\/www.gbpsulmierzyce.pl\/index.php?rest_route=%2Fwp%2Fv2%2Fcomments&post=41469"}],"version-history":[{"count":12,"href":"https:\/\/www.gbpsulmierzyce.pl\/index.php?rest_route=\/wp\/v2\/pages\/41469\/revisions"}],"predecessor-version":[{"id":65131,"href":"https:\/\/www.gbpsulmierzyce.pl\/index.php?rest_route=\/wp\/v2\/pages\/41469\/revisions\/65131"}],"wp:attachment":[{"href":"https:\/\/www.gbpsulmierzyce.pl\/index.php?rest_route=%2Fwp%2Fv2%2Fmedia&parent=41469"}],"curies":[{"name":"wp","href":"https:\/\/api.w.org\/{rel}","templated":true}]}}