{"id":3517,"date":"2014-08-06T16:53:52","date_gmt":"2014-08-06T15:53:52","guid":{"rendered":"http:\/\/www.biblioteka.sulmierzyce.eu\/?page_id=3517"},"modified":"2014-09-15T17:14:59","modified_gmt":"2014-09-15T16:14:59","slug":"o-patronie-2","status":"publish","type":"page","link":"https:\/\/www.gbpsulmierzyce.pl\/?page_id=3517","title":{"rendered":"O Patronie"},"content":{"rendered":"<p align=\"JUSTIFY\"><span style=\"font-family: Times New Roman,serif;\"><span style=\"font-size: large;\">Patron GBP w Sulmierzycach <\/span><\/span><\/p>\n<p align=\"JUSTIFY\"><span style=\"font-family: Times New Roman,serif;\"><span style=\"font-size: large;\"> Zgodnie z uchwa\u0142\u0105 rady Gminy Sulmierzyce Gminnej Bibliotece Publicznej nadano imi\u0119 Filipa Sulimierskiego. Jest on potomkiem za\u0142o\u017cycieli Sulmierzyc. Uroczystego odczytu aktu uchwa\u0142y dokona\u0142 Przewodnicz\u0105cy Rady Gminy Tadeusz Kruszy\u0144ski podczas otwarcia nowej siedziby Biblioteki. <\/span><\/span><\/p>\n<p align=\"JUSTIFY\"><span style=\"font-family: Times New Roman,serif;\"><span style=\"font-size: large;\"> Filip Sulimierski urodzi\u0142 si\u0119 13 listopada 1843 roku w Sieradzu. Swoj\u0105 edukacj\u0119 zaczyna\u0142 w gimnazjum w Piotrkowie Trybunalskim. W 1862 roku rozpocz\u0105\u0142 studia w Szkole G\u0142\u00f3wnej w Warszawie, gdzie w 1866 roku uzyska\u0142 stopie\u0144 mgr nauk matematycznych. Tytu\u0142 pracy magisterskiej: \u201eO metodach u\u017cywanych do rozwi\u0105zywania zada\u0144 geometrycznych w og\u00f3lno\u015bci\u201d. <\/span><\/span><\/p>\n<p align=\"JUSTIFY\"><span style=\"font-family: Times New Roman,serif;\"><span style=\"font-size: large;\"> Szczeg\u00f3lnie zwi\u0105zany by\u0142 z tygodniem <span style=\"font-family: Times New Roman,serif;\">geograficzno-krajoznawczym \u201eW\u0119drowiec\u201d, kt\u00f3rego w latach 1870-1883 zosta\u0142 w\u0142a\u015bcicielem.<\/span><\/span><\/span><\/p>\n<p align=\"JUSTIFY\"><span style=\"font-family: Times New Roman,serif;\"><span style=\"font-size: large;\"> W 1879r. Sulimierski zosta\u0142 inicjatorem i redaktorem \u201e<\/span><\/span><span style=\"font-family: Times New Roman,serif;\"><span style=\"font-size: large;\">S\u0142ownika geograficznego Kr\u00f3lestwa Polskiego i innych kraj\u00f3w s\u0142owia\u0144skich\u201d. Ukazywa\u0142 si\u0119 on w latach 1880 \u2013 1902 pod postaci\u0105 zeszyt\u00f3w dost\u0119pnych w prenumeracie, kt\u00f3re z kolei sk\u0142ada\u0142y si\u0119 na poszczeg\u00f3lne tomy. Sulimierski pragn\u0105\u0142, aby by\u0142o to dzie\u0142o o warto\u015bci naukowej i informacyjnej, aby korzysta\u0107 z niego m\u00f3g\u0142 ka\u017cdy. <\/span><\/span><\/p>\n<p align=\"JUSTIFY\"><span style=\"font-family: Times New Roman,serif;\"><span style=\"font-size: large;\"> 12 lipca 1881r. powsta\u0142a Kasa im. J\u00f3zefa Mianowskiego. Jednym z jej za\u0142o\u017cycieli by\u0142 Filip Sulimierski. Fundacja ta zajmowa\u0142a si\u0119 popieraniem nauki w Warszawie: wydawaniem dzie\u0142 artyst\u00f3w, propagowaniem sztuki i nauki. W\u015br\u00f3d dzia\u0142aczy znale\u017ali si\u0119 m.in. Henryk Sienkiewicz, Boles\u0142aw Prus czy Leopold Stanis\u0142aw Kronenberg. <\/span><\/span><\/p>\n<p align=\"JUSTIFY\"><span style=\"font-family: Times New Roman,serif;\"><span style=\"font-size: large;\"> Filip Sulimierski zachorowa\u0142 na chorob\u0119 sercow\u0105, leczy\u0142 si\u0119 w klinice w Maryenbad. Zmar\u0142 8 stycznia 1885r. w Warszawie. <\/span><\/span><\/p>\n<p align=\"JUSTIFY\"><span style=\"font-family: Times New Roman,serif;\"><span style=\"font-size: large;\"> Przyjaciele Sulimierskiego wspominaj\u0105 go jako osob\u0119 pogodn\u0105, uczynn\u0105, otwart\u0105 na pomoc innym. By\u0142 dzia\u0142aczem spo\u0142ecznym, kt\u00f3ry wytrwale d\u0105\u017cy\u0142 do swoich zamierze\u0144, nieustannie pracowa\u0142 na rzecz swojej Ojczyzny. Ch\u0119tnie wsp\u00f3\u0142pracowa\u0142 z lud\u017ami i stara\u0142 si\u0119 szuka\u0107 w nich jedynie pozytywnych cech. Nie ocenia\u0142 ludzi jedynie z jednej perspektywy. W ka\u017cdym szuka\u0142 potencja\u0142u, kt\u00f3ry m\u00f3g\u0142by zaowocowa\u0107 wspania\u0142\u0105 prac\u0105. Z tego wzgl\u0119du wszyscy otaczali go ogromnym szacunkiem. Dzi\u0119ki swojej pogodzie ducha nie pozwala\u0142 zapomnie\u0107 o sobie. <\/span><\/span><\/p>\n<p align=\"JUSTIFY\"><span style=\"font-family: Times New Roman,serif;\"><span style=\"font-size: large;\"> <span style=\"color: #000000;\">Przyjaciel Adolf Dygasi\u0144ski tak wspomina Filipa Sulimierskiego: \u201eZas\u0142u\u017cy\u0107 sobie na przyja\u017a\u0144 Sulimierskiego znaczy\u0142o \u015bci\u015ble tyle, co by\u0107 na jakimb\u0105d\u017a punkcie po\u017cytecznym obywatelem kraju.\u201d<\/span><\/span><\/span><\/p>\n","protected":false},"excerpt":{"rendered":"<p>Patron GBP w Sulmierzycach Zgodnie z uchwa\u0142\u0105 rady Gminy Sulmierzyce Gminnej Bibliotece Publicznej nadano imi\u0119 Filipa Sulimierskiego. Jest on potomkiem&#8230; <a href=\"https:\/\/www.gbpsulmierzyce.pl\/?page_id=3517\">Czytaj dalej &raquo;<\/a><\/p>\n","protected":false},"author":1,"featured_media":0,"parent":2,"menu_order":5,"comment_status":"closed","ping_status":"closed","template":"","meta":{"footnotes":""},"class_list":["post-3517","page","type-page","status-publish","hentry"],"_links":{"self":[{"href":"https:\/\/www.gbpsulmierzyce.pl\/index.php?rest_route=\/wp\/v2\/pages\/3517","targetHints":{"allow":["GET"]}}],"collection":[{"href":"https:\/\/www.gbpsulmierzyce.pl\/index.php?rest_route=\/wp\/v2\/pages"}],"about":[{"href":"https:\/\/www.gbpsulmierzyce.pl\/index.php?rest_route=\/wp\/v2\/types\/page"}],"author":[{"embeddable":true,"href":"https:\/\/www.gbpsulmierzyce.pl\/index.php?rest_route=\/wp\/v2\/users\/1"}],"replies":[{"embeddable":true,"href":"https:\/\/www.gbpsulmierzyce.pl\/index.php?rest_route=%2Fwp%2Fv2%2Fcomments&post=3517"}],"version-history":[{"count":2,"href":"https:\/\/www.gbpsulmierzyce.pl\/index.php?rest_route=\/wp\/v2\/pages\/3517\/revisions"}],"predecessor-version":[{"id":3912,"href":"https:\/\/www.gbpsulmierzyce.pl\/index.php?rest_route=\/wp\/v2\/pages\/3517\/revisions\/3912"}],"up":[{"embeddable":true,"href":"https:\/\/www.gbpsulmierzyce.pl\/index.php?rest_route=\/wp\/v2\/pages\/2"}],"wp:attachment":[{"href":"https:\/\/www.gbpsulmierzyce.pl\/index.php?rest_route=%2Fwp%2Fv2%2Fmedia&parent=3517"}],"curies":[{"name":"wp","href":"https:\/\/api.w.org\/{rel}","templated":true}]}}