{"id":2,"date":"2012-11-14T12:25:49","date_gmt":"2012-11-14T12:25:49","guid":{"rendered":"http:\/\/www.biblioteka.sulmierzyce.eu\/?page_id=2"},"modified":"2022-10-11T13:43:30","modified_gmt":"2022-10-11T12:43:30","slug":"sample-page","status":"publish","type":"page","link":"https:\/\/www.gbpsulmierzyce.pl\/?page_id=2","title":{"rendered":"O bibliotece"},"content":{"rendered":"<p><strong>Podstaw\u0105 prawn\u0105 funkcjonowania Gminnej Biblioteki Publicznej w Sulmierzycach jest:<\/strong><\/p>\n<p>1. Ustawa z dnia 27 czerwca 1997 roku o bibliotekach (Dz. U. Nr 85 poz. 539).<br \/>\n2. Ustawa z dnia 25 pa\u017adziernika 1991 roku o organizowaniu i prowadzeniu dzia\u0142alno\u015bci kulturalnej (Dz. U. z 1997 r. Nr 110, poz. 721).<br \/>\n3.Statut Gminnej Biblioteki Publicznej w Sulmierzycach.<\/p>\n","protected":false},"excerpt":{"rendered":"<p>Podstaw\u0105 prawn\u0105 funkcjonowania Gminnej Biblioteki Publicznej w Sulmierzycach jest: 1. Ustawa z dnia 27 czerwca 1997 roku o bibliotekach (Dz&#8230;. <a href=\"https:\/\/www.gbpsulmierzyce.pl\/?page_id=2\">Czytaj dalej &raquo;<\/a><\/p>\n","protected":false},"author":1,"featured_media":0,"parent":0,"menu_order":0,"comment_status":"closed","ping_status":"closed","template":"","meta":{"footnotes":""},"class_list":["post-2","page","type-page","status-publish","hentry"],"_links":{"self":[{"href":"https:\/\/www.gbpsulmierzyce.pl\/index.php?rest_route=\/wp\/v2\/pages\/2","targetHints":{"allow":["GET"]}}],"collection":[{"href":"https:\/\/www.gbpsulmierzyce.pl\/index.php?rest_route=\/wp\/v2\/pages"}],"about":[{"href":"https:\/\/www.gbpsulmierzyce.pl\/index.php?rest_route=\/wp\/v2\/types\/page"}],"author":[{"embeddable":true,"href":"https:\/\/www.gbpsulmierzyce.pl\/index.php?rest_route=\/wp\/v2\/users\/1"}],"replies":[{"embeddable":true,"href":"https:\/\/www.gbpsulmierzyce.pl\/index.php?rest_route=%2Fwp%2Fv2%2Fcomments&post=2"}],"version-history":[{"count":6,"href":"https:\/\/www.gbpsulmierzyce.pl\/index.php?rest_route=\/wp\/v2\/pages\/2\/revisions"}],"predecessor-version":[{"id":49985,"href":"https:\/\/www.gbpsulmierzyce.pl\/index.php?rest_route=\/wp\/v2\/pages\/2\/revisions\/49985"}],"wp:attachment":[{"href":"https:\/\/www.gbpsulmierzyce.pl\/index.php?rest_route=%2Fwp%2Fv2%2Fmedia&parent=2"}],"curies":[{"name":"wp","href":"https:\/\/api.w.org\/{rel}","templated":true}]}}