{"id":139,"date":"2012-11-21T12:30:38","date_gmt":"2012-11-21T11:30:38","guid":{"rendered":"http:\/\/www.biblioteka.sulmierzyce.eu\/?page_id=139"},"modified":"2014-09-04T08:11:51","modified_gmt":"2014-09-04T07:11:51","slug":"polozenie","status":"publish","type":"page","link":"https:\/\/www.gbpsulmierzyce.pl\/?page_id=139","title":{"rendered":"Po\u0142o\u017cenie"},"content":{"rendered":"<div id=\"lmm_de271d39\" style=\"width:640px;\" class=\"mapsmarker markermap marker-2\">\n<div id=\"lmm_panel_de271d39\" class=\"lmm-panel\" style=\"background:#efefef;\">\n<div id=\"lmm_panel_api_de271d39\" class=\"lmm-panel-api\"><a href=\"https:\/\/maps.google.com\/maps?daddr=S%C5%82oneczna+5%2C+Sulmierzyce%2C+Polska&amp;t=m&amp;layer=1&amp;doflg=ptk&amp;om=0\" target=\"_blank\" title=\"Jak dojecha\u0107\"><img loading=\"lazy\" decoding=\"async\" alt=\"icon-car.png\" src=\"https:\/\/www.gbpsulmierzyce.pl\/wp-content\/plugins\/leaflet-maps-marker\/inc\/img\/icon-car.png\" width=\"14\" height=\"14\" class=\"lmm-panel-api-images\" \/><\/a><\/div><div id=\"lmm_panel_text_de271d39\" class=\"lmm-panel-text\" style=\"font-weight:bold;color:#373737;\">Gminna Biblioteka Publiczna w Sulmierzycach<\/div><\/div>\n<div id=\"lmm_map_de271d39\" class=\"lmm-map\" style=\"background:#f6f6f6;border:1px solid #ccc;height:480px; overflow:hidden;padding:0;\"><p style=\"font-size:80%;color:#9f9e9e;margin-left:5px;\">\u0142adowanie mapy - prosz\u0119 czeka\u0107...<noscript><br\/><strong>Mapa nie mo\u017ce by\u0107 zaczytana - prosz\u0119 w\u0142\u0105czy\u0107 obs\u0142ug\u0119 Javascript!<\/strong><br\/><a style=\"text-decoration:none;\" href=\"https:\/\/www.mapsmarker.com\/js-disabled\" target=\"_blank\">&rarr; wi\u0119cej informacji<\/a><\/noscript><\/p><\/div>\n<div id=\"lmm_geo_tags_de271d39\" class=\"lmm-geo-tags geo\">\n<span class=\"paneltext\">Gminna Biblioteka Publiczna w Sulmierzycach<\/span>\n<span class=\"latitude\">51.185463<\/span>, <span class=\"longitude\">19.203157<\/span>\n<span class=\"popuptext\">Gminna Biblioteka Publiczna w Sulmierzycachul. S\u0142oneczna 598-338 Sulmierzycetel. 44 737 \u2013 92 \u2013 15adres e \u2013 mail: bibliotekasulmierzyce@interia.pl<\/span>\n<\/div>\n<\/div>\n","protected":false},"excerpt":{"rendered":"","protected":false},"author":1,"featured_media":0,"parent":82,"menu_order":0,"comment_status":"closed","ping_status":"closed","template":"","meta":{"footnotes":""},"class_list":["post-139","page","type-page","status-publish","hentry"],"_links":{"self":[{"href":"https:\/\/www.gbpsulmierzyce.pl\/index.php?rest_route=\/wp\/v2\/pages\/139","targetHints":{"allow":["GET"]}}],"collection":[{"href":"https:\/\/www.gbpsulmierzyce.pl\/index.php?rest_route=\/wp\/v2\/pages"}],"about":[{"href":"https:\/\/www.gbpsulmierzyce.pl\/index.php?rest_route=\/wp\/v2\/types\/page"}],"author":[{"embeddable":true,"href":"https:\/\/www.gbpsulmierzyce.pl\/index.php?rest_route=\/wp\/v2\/users\/1"}],"replies":[{"embeddable":true,"href":"https:\/\/www.gbpsulmierzyce.pl\/index.php?rest_route=%2Fwp%2Fv2%2Fcomments&post=139"}],"version-history":[{"count":4,"href":"https:\/\/www.gbpsulmierzyce.pl\/index.php?rest_route=\/wp\/v2\/pages\/139\/revisions"}],"predecessor-version":[{"id":3717,"href":"https:\/\/www.gbpsulmierzyce.pl\/index.php?rest_route=\/wp\/v2\/pages\/139\/revisions\/3717"}],"up":[{"embeddable":true,"href":"https:\/\/www.gbpsulmierzyce.pl\/index.php?rest_route=\/wp\/v2\/pages\/82"}],"wp:attachment":[{"href":"https:\/\/www.gbpsulmierzyce.pl\/index.php?rest_route=%2Fwp%2Fv2%2Fmedia&parent=139"}],"curies":[{"name":"wp","href":"https:\/\/api.w.org\/{rel}","templated":true}]}}