{"id":110,"date":"2012-11-16T08:49:21","date_gmt":"2012-11-16T07:49:21","guid":{"rendered":"http:\/\/www.biblioteka.sulmierzyce.eu\/?page_id=110"},"modified":"2012-11-16T09:09:11","modified_gmt":"2012-11-16T08:09:11","slug":"regulamin-czytelni-internetowej","status":"publish","type":"page","link":"https:\/\/www.gbpsulmierzyce.pl\/?page_id=110","title":{"rendered":"Regulamin Czytelni Internetowej"},"content":{"rendered":"<p style=\"text-align: center;\"><strong>REGULAMIN CZYTELNI INTERNETOWEJ<\/strong><\/p>\n<p style=\"text-align: center;\"><strong>W GMINNEJ BIBLIOTECE PUBLICZNEJ W SULMIERZYCACH<\/strong><\/p>\n<ol start=\"1\">\n<li style=\"text-align: justify;\">Ze stanowisk komputerowych zainstalowanych w Czytelni Internetowej mog\u0105 korzysta\u0107 wszystkie zainteresowane osoby.<\/li>\n<li style=\"text-align: justify;\">Osoby korzystaj\u0105ce z komputer\u00f3w wpisuj\u0105 si\u0119 do rejestru odwiedzin.<\/li>\n<li style=\"text-align: justify;\">Biblioteka nie pobiera op\u0142at za korzystanie z Internetu oraz z innych program\u00f3w zainstalowanych na komputerach.<\/li>\n<li style=\"text-align: justify;\">Stanowiska komputerowe w czytelni internetowej s\u0142u\u017c\u0105 przede wszystkim do poszukiwania informacji i materia\u0142\u00f3w niezb\u0119dnych\u00a0\u00a0\u00a0\u00a0\u00a0 w zdobywaniu wiedzy i samokszta\u0142ceniu.<br \/>\nKorzystanie z komputer\u00f3w w celach informacyjnych i edukacyjnych traktowane jest priorytetowo.<br \/>\nNie nale\u017cy wykorzystywa\u0107 komputer\u00f3w do przegl\u0105dania stron pornograficznych i propaguj\u0105cych przemoc.<br \/>\nKomputery wraz z oprogramowaniem i dost\u0119pem do Internetu nie powinny by\u0107 wykorzystywane przez u\u017cytkownik\u00f3w\u00a0 w celach zarobkowych.<\/li>\n<li style=\"text-align: justify;\">W przypadku, gdy s\u0105 osoby oczekuj\u0105ce na dost\u0119p do komputera, czytelnik zajmuj\u0105cy stanowisko musi go zwolni\u0107 po 30 minutach korzystania.<\/li>\n<li style=\"text-align: justify;\">U\u017cytkownicy mog\u0105 dokonywa\u0107 rezerwacji stanowiska komputerowego u dy\u017curuj\u0105cego bibliotekarza.<\/li>\n<li style=\"text-align: justify;\">Osoby u\u017cytkuj\u0105ce sprz\u0119t w czytelni internetowej mog\u0105 korzysta\u0107 wy\u0142\u0105cznie z program\u00f3w i baz zainstalowanych na komputerze. \u00a0 \u00a0 \u00a0 Nie nale\u017cy instalowa\u0107 program\u00f3w pochodz\u0105cych spoza Biblioteki, ani korzysta\u0107 z przyniesionych przez czytelnik\u00f3w p\u0142yt kompaktowych, program\u00f3w na CD-ROM lub film\u00f3w na DVD.<\/li>\n<li style=\"text-align: justify;\">Czytelnicy korzystaj\u0105cy z komputera nie powinni pozostawia\u0107 \u017cadnych w\u0142asnych plik\u00f3w na dysku lokalnym komputera.<br \/>\nW przypadku konieczno\u015bci zapisania danych na w\u0142asn\u0105 dyskietk\u0119 nale\u017cy wykorzysta\u0107 \/wcze\u015bniej\u00a0 sformatyzowane\/ dyskietki. Zapisywanie danych na no\u015bniki zewn\u0119trzne b\u0105d\u017a drukowanie tekstu nale\u017cy uzgadnia\u0107 z dy\u017curuj\u0105cym bibliotekarzem.<br \/>\nW przypadku pozostawienia w\u0142asnych plik\u00f3w czytelnika na dysku twardym komputera zostan\u0105 one usuni\u0119te przez bibliotekarza.<\/li>\n<li style=\"text-align: justify;\">Zabrania si\u0119 konfigurowania przyj\u0119tych ustawie\u0144 programowych i sprz\u0119towych komputer\u00f3w.<\/li>\n<li style=\"text-align: justify;\">Nie nale\u017cy kopiowa\u0107 na prywatne no\u015bniki program\u00f3w komputerowych b\u0119d\u0105cych w\u0142asno\u015bci\u0105 biblioteki.<\/li>\n<li style=\"text-align: justify;\">U\u017cytkownicy powinni bardzo ostro\u017cnie pos\u0142ugiwa\u0107 si\u0119 sprz\u0119tem komputerowym i no\u015bnikami danych, a wszystkie dostrze\u017cone uszkodzenia sprz\u0119tu, no\u015bnik\u00f3w lub program\u00f3w komputerowych zg\u0142asza\u0107 dy\u017curuj\u0105cemu bibliotekarzowi.<\/li>\n<li style=\"text-align: justify;\">U\u017cytkownicy ponosz\u0105 odpowiedzialno\u015b\u0107 materialn\u0105 za powsta\u0142e z ich winy uszkodzenia sprz\u0119tu komputerowego.<\/li>\n<li style=\"text-align: justify;\">Bibliotekarze udzielaj\u0105 pomocy przy wyszukiwaniu informacji, s\u0142u\u017c\u0105 porada w korzystaniu ze sprz\u0119tu komputerowego.<\/li>\n<li style=\"text-align: justify;\">W czytelni nie nale\u017cy spo\u017cywa\u0107 posi\u0142k\u00f3w i napoj\u00f3w.<\/li>\n<li style=\"text-align: justify;\">Bibliotekarze maj\u0105 prawo kontrolowa\u0107 prac\u0119 u\u017cytkownik\u00f3w i w razie konieczno\u015bci natychmiast przerwa\u0107 sesj\u0119,\u00a0 w sytuacji gdy u\u017cytkownik wykonuje czynno\u015bci niepo\u017c\u0105dane.<\/li>\n<li style=\"text-align: justify;\">U\u017cytkownicy zobowi\u0105zani s\u0105 do przestrzegania niniejszego Regulaminu.<\/li>\n<li style=\"text-align: justify;\">Osoby nie stosuj\u0105ce si\u0119 do Regulaminu mog\u0105 by\u0107 pozbawione prawa do korzystania z Czytelni Internetowej.<\/li>\n<li style=\"text-align: justify;\">U\u017cytkownik ma prawo odwo\u0142ania si\u0119 do Kierownika\u00a0 Biblioteki Publicznej Gminy Sulmierzyce.<\/li>\n<\/ol>\n<p>&nbsp;<\/p>\n<p>&nbsp;<\/p>\n","protected":false},"excerpt":{"rendered":"<p>REGULAMIN CZYTELNI INTERNETOWEJ W GMINNEJ BIBLIOTECE PUBLICZNEJ W SULMIERZYCACH Ze stanowisk komputerowych zainstalowanych w Czytelni Internetowej mog\u0105 korzysta\u0107 wszystkie zainteresowane&#8230; <a href=\"https:\/\/www.gbpsulmierzyce.pl\/?page_id=110\">Czytaj dalej &raquo;<\/a><\/p>\n","protected":false},"author":1,"featured_media":0,"parent":116,"menu_order":0,"comment_status":"closed","ping_status":"closed","template":"","meta":{"footnotes":""},"class_list":["post-110","page","type-page","status-publish","hentry"],"_links":{"self":[{"href":"https:\/\/www.gbpsulmierzyce.pl\/index.php?rest_route=\/wp\/v2\/pages\/110","targetHints":{"allow":["GET"]}}],"collection":[{"href":"https:\/\/www.gbpsulmierzyce.pl\/index.php?rest_route=\/wp\/v2\/pages"}],"about":[{"href":"https:\/\/www.gbpsulmierzyce.pl\/index.php?rest_route=\/wp\/v2\/types\/page"}],"author":[{"embeddable":true,"href":"https:\/\/www.gbpsulmierzyce.pl\/index.php?rest_route=\/wp\/v2\/users\/1"}],"replies":[{"embeddable":true,"href":"https:\/\/www.gbpsulmierzyce.pl\/index.php?rest_route=%2Fwp%2Fv2%2Fcomments&post=110"}],"version-history":[{"count":4,"href":"https:\/\/www.gbpsulmierzyce.pl\/index.php?rest_route=\/wp\/v2\/pages\/110\/revisions"}],"predecessor-version":[{"id":123,"href":"https:\/\/www.gbpsulmierzyce.pl\/index.php?rest_route=\/wp\/v2\/pages\/110\/revisions\/123"}],"up":[{"embeddable":true,"href":"https:\/\/www.gbpsulmierzyce.pl\/index.php?rest_route=\/wp\/v2\/pages\/116"}],"wp:attachment":[{"href":"https:\/\/www.gbpsulmierzyce.pl\/index.php?rest_route=%2Fwp%2Fv2%2Fmedia&parent=110"}],"curies":[{"name":"wp","href":"https:\/\/api.w.org\/{rel}","templated":true}]}}